{"id":2010,"date":"2025-03-27T13:11:26","date_gmt":"2025-03-27T12:11:26","guid":{"rendered":"https:\/\/lonbau.hu\/?page_id=2010"},"modified":"2025-04-14T16:54:41","modified_gmt":"2025-04-14T15:54:41","slug":"mediamegjelenes","status":"publish","type":"page","link":"https:\/\/lonbau.hu\/?page_id=2010","title":{"rendered":"M\u00e9diamegjelen\u00e9s"},"content":{"rendered":"<div class=\"wp-block-image\">\n<figure class=\"aligncenter size-large is-resized\"><img loading=\"lazy\" decoding=\"async\" width=\"573\" height=\"800\" src=\"https:\/\/lonbau.hu\/wp-content\/uploads\/2025\/04\/gerenda-2025.xx_.2.szam_-2-573x800.png\" alt=\"\" class=\"wp-image-2031\" style=\"width:352px;height:auto\" srcset=\"https:\/\/lonbau.hu\/wp-content\/uploads\/2025\/04\/gerenda-2025.xx_.2.szam_-2-573x800.png 573w, https:\/\/lonbau.hu\/wp-content\/uploads\/2025\/04\/gerenda-2025.xx_.2.szam_-2.png 675w\" sizes=\"auto, (max-width: 573px) 100vw, 573px\" \/><\/figure><\/div>\n\n\n<p><strong>Gerendah\u00e1zak &#8211; 2025.XX.\u00c9VF.2.sz\u00e1m<\/strong><\/p>\n\n\n\n<hr class=\"wp-block-separator has-alpha-channel-opacity\"\/>\n\n\n<div class=\"wp-block-image is-style-default\">\n<figure class=\"aligncenter size-large is-resized\"><img loading=\"lazy\" decoding=\"async\" width=\"600\" height=\"777\" src=\"https:\/\/lonbau.hu\/wp-content\/uploads\/2025\/03\/image-9-600x777.png\" alt=\"\" class=\"wp-image-2011\" style=\"width:499px;height:auto\" srcset=\"https:\/\/lonbau.hu\/wp-content\/uploads\/2025\/03\/image-9-600x777.png 600w, https:\/\/lonbau.hu\/wp-content\/uploads\/2025\/03\/image-9.png 608w\" sizes=\"auto, (max-width: 600px) 100vw, 600px\" \/><\/figure><\/div>\n\n\n<p><strong>Otthon 2023\/10<\/strong> <a href=\"https:\/\/praktikawebshop.hu\/otthon-202310-2582\">https:\/\/praktikawebshop.hu\/otthon-202310-2582<\/a><\/p>\n\n\n\n<hr class=\"wp-block-separator has-alpha-channel-opacity\"\/>\n\n\n<div class=\"wp-block-image\">\n<figure class=\"aligncenter size-large is-resized\"><img loading=\"lazy\" decoding=\"async\" width=\"600\" height=\"406\" src=\"https:\/\/lonbau.hu\/wp-content\/uploads\/2025\/03\/image-10-600x406.png\" alt=\"\" class=\"wp-image-2012\" style=\"width:497px;height:auto\" srcset=\"https:\/\/lonbau.hu\/wp-content\/uploads\/2025\/03\/image-10-600x406.png 600w, https:\/\/lonbau.hu\/wp-content\/uploads\/2025\/03\/image-10-768x520.png 768w, https:\/\/lonbau.hu\/wp-content\/uploads\/2025\/03\/image-10.png 1007w\" sizes=\"auto, (max-width: 600px) 100vw, 600px\" \/><\/figure><\/div>\n\n\n<p><strong>B\u00e1cs-Kiskun V\u00e1rmegyei B\u00fcntet\u00e9s-v\u00e9grehajt\u00e1si Int\u00e9zet<\/strong><br><a href=\"https:\/\/bv.gov.hu\/hu\/intezetek\/kecskemet\/hirek\/4750\"> https:\/\/bv.gov.hu\/hu\/intezetek\/kecskemet\/hirek\/4750<\/a><\/p>\n\n\n\n<hr class=\"wp-block-separator has-alpha-channel-opacity\"\/>\n","protected":false},"excerpt":{"rendered":"<p>Gerendah\u00e1zak &#8211; 2025.XX.\u00c9VF.2.sz\u00e1m Otthon 2023\/10 https:\/\/praktikawebshop.hu\/otthon-202310-2582 B\u00e1cs-Kiskun V\u00e1rmegyei B\u00fcntet\u00e9s-v\u00e9grehajt\u00e1si Int\u00e9zet https:\/\/bv.gov.hu\/hu\/intezetek\/kecskemet\/hirek\/4750<\/p>\n","protected":false},"author":1,"featured_media":0,"parent":0,"menu_order":0,"comment_status":"closed","ping_status":"closed","template":"","meta":{"footnotes":""},"class_list":["post-2010","page","type-page","status-publish","hentry"],"_links":{"self":[{"href":"https:\/\/lonbau.hu\/index.php?rest_route=\/wp\/v2\/pages\/2010","targetHints":{"allow":["GET"]}}],"collection":[{"href":"https:\/\/lonbau.hu\/index.php?rest_route=\/wp\/v2\/pages"}],"about":[{"href":"https:\/\/lonbau.hu\/index.php?rest_route=\/wp\/v2\/types\/page"}],"author":[{"embeddable":true,"href":"https:\/\/lonbau.hu\/index.php?rest_route=\/wp\/v2\/users\/1"}],"replies":[{"embeddable":true,"href":"https:\/\/lonbau.hu\/index.php?rest_route=%2Fwp%2Fv2%2Fcomments&post=2010"}],"version-history":[{"count":8,"href":"https:\/\/lonbau.hu\/index.php?rest_route=\/wp\/v2\/pages\/2010\/revisions"}],"predecessor-version":[{"id":2034,"href":"https:\/\/lonbau.hu\/index.php?rest_route=\/wp\/v2\/pages\/2010\/revisions\/2034"}],"wp:attachment":[{"href":"https:\/\/lonbau.hu\/index.php?rest_route=%2Fwp%2Fv2%2Fmedia&parent=2010"}],"curies":[{"name":"wp","href":"https:\/\/api.w.org\/{rel}","templated":true}]}}