{"id":403,"date":"2020-12-01T13:14:11","date_gmt":"2020-12-01T13:14:11","guid":{"rendered":"https:\/\/lonbau.hu\/?page_id=403"},"modified":"2024-01-27T12:08:42","modified_gmt":"2024-01-27T11:08:42","slug":"hirek","status":"publish","type":"page","link":"https:\/\/lonbau.hu\/?page_id=403","title":{"rendered":"Comfortclick"},"content":{"rendered":"\n<p> <p><strong>Okos megold\u00e1sok &#8211; \u00c9p\u00fclet Automatiz\u00e1l\u00e1s:<\/strong> <\/p><p><a href=\"https:\/\/lonbau.hu\/?p=1799\" data-type=\"link\" data-id=\"https:\/\/lonbau.hu\/?p=1799\">ComfortClick<\/a><\/p>\n\n\n \n<div class=\"wp-block-group is-nowrap is-layout-flex wp-container-core-group-is-layout-1 wp-block-group-is-layout-flex\">\n<figure class=\"wp-block-image size-large is-resized\"><img decoding=\"async\" src=\"https:\/\/www.comfortclick.com\/Files\/SmartBuilding\/Solutions\/Home\/Icon.png\" alt=\"\" style=\"width:142px;height:auto\"\/><figcaption class=\"wp-element-caption\"><code><strong>Lak\u00f3\u00e9p\u00fclet<\/strong><br><strong>Automatiz\u00e1l\u00e1sa<\/strong><\/code><\/figcaption><\/figure>\n\n\n\n<figure class=\"wp-block-image size-large is-resized\"><img decoding=\"async\" src=\"https:\/\/www.comfortclick.com\/Files\/SmartBuilding\/Solutions\/Hotel\/Icon.png\" alt=\"\" style=\"width:154px;height:auto\"\/><figcaption class=\"wp-element-caption\"><code><strong>Sz\u00e1lloda<\/strong> <strong>\u00c9p\u00fclet<\/strong><br><strong>Automatiz\u00e1l\u00e1sa<\/strong><\/code><\/figcaption><\/figure>\n\n\n\n<figure class=\"wp-block-image size-large is-resized\"><img decoding=\"async\" src=\"https:\/\/www.comfortclick.com\/Files\/SmartBuilding\/Solutions\/Apartment\/Icon.png\" alt=\"\" style=\"width:163px;height:auto\"\/><figcaption class=\"wp-element-caption\"><strong><code>Apartman \u00c9p\u00fclet<br>Automatiz\u00e1l\u00e1sa<\/code><\/strong><\/figcaption><\/figure>\n\n\n\n<figure class=\"wp-block-image size-large is-resized\"><img decoding=\"async\" src=\"https:\/\/www.comfortclick.com\/Files\/SmartBuilding\/Solutions\/Office\/Icon.png\" alt=\"\" style=\"width:167px;height:auto\"\/><figcaption class=\"wp-element-caption\"><strong><code>Ipari-Iroda\u00e9p\u00fclet<br>Automatiz\u00e1l\u00e1sa<\/code><\/strong><\/figcaption><\/figure>\n<\/div>\n\n\n<div class=\"wp-block-image\">\n<figure class=\"aligncenter size-full\"><img loading=\"lazy\" decoding=\"async\" width=\"1110\" height=\"235\" src=\"https:\/\/lonbau.hu\/wp-content\/uploads\/2024\/01\/Screenshot-2024-01-12-at-12-22-07-bOS-Building-Operating-System-Smart-Home-and-Building-Automation-Software-ComfortClick-1.png\" alt=\"\" class=\"wp-image-1730\" srcset=\"https:\/\/lonbau.hu\/wp-content\/uploads\/2024\/01\/Screenshot-2024-01-12-at-12-22-07-bOS-Building-Operating-System-Smart-Home-and-Building-Automation-Software-ComfortClick-1.png 1110w, https:\/\/lonbau.hu\/wp-content\/uploads\/2024\/01\/Screenshot-2024-01-12-at-12-22-07-bOS-Building-Operating-System-Smart-Home-and-Building-Automation-Software-ComfortClick-1-600x127.png 600w, https:\/\/lonbau.hu\/wp-content\/uploads\/2024\/01\/Screenshot-2024-01-12-at-12-22-07-bOS-Building-Operating-System-Smart-Home-and-Building-Automation-Software-ComfortClick-1-768x163.png 768w\" sizes=\"auto, (max-width: 1110px) 100vw, 1110px\" \/><\/figure><\/div>\n\n\n<p><\/p>\n\n\n<hr>\n\n<div class=\"wp-block-image\">\n<figure class=\"aligncenter size-large is-resized\"><img loading=\"lazy\" decoding=\"async\" width=\"600\" height=\"186\" src=\"https:\/\/lonbau.hu\/wp-content\/uploads\/2024\/01\/About-bOS-image3-600x186.png\" alt=\"\" class=\"wp-image-1710\" style=\"width:600px;height:auto\" srcset=\"https:\/\/lonbau.hu\/wp-content\/uploads\/2024\/01\/About-bOS-image3-600x186.png 600w, https:\/\/lonbau.hu\/wp-content\/uploads\/2024\/01\/About-bOS-image3-768x239.png 768w, https:\/\/lonbau.hu\/wp-content\/uploads\/2024\/01\/About-bOS-image3.png 1500w\" sizes=\"auto, (max-width: 600px) 100vw, 600px\" \/><\/figure><\/div>\n\n\n<p>Egy j\u00f3l el\u0151k\u00e9sz\u00edtett \u00e9s gondosan megtervezett okos h\u00e1z rendszer ak\u00e1r 10%-kal is n\u00f6velheti az ingatlan \u00e9rt\u00e9k\u00e9t. Nem besz\u00e9lve a k\u00e9nyelemr\u0151l \u00e9s biztons\u00e1gr\u00f3l, amit a benne \u00e9l\u0151knek jelent. B\u00edzd a kivitelez\u00e9st szak\u00e9rt\u0151kre! Tudjuk, melyik funkci\u00f3ra, melyik eszk\u00f6z a legjobb. Tudjuk, melyik m\u00e1rka a legmegb\u00edzhat\u00f3bb. Olyan megold\u00e1sokat aj\u00e1nlunk, ami tal\u00e1n eszedbe se jutottak volna.<br>M\u0171k\u00f6dtetheti red\u0151ny\u00e9t, tet\u0151ablak\u00e1t, bels\u0151 \u00e1rny\u00e9kol\u00f3it , f\u0171t\u00e9s\u00e9t, a riaszt\u00f3t, a kamer\u00e1kat \u00e9s \u00e9rz\u00e9kel\u0151ket, a vil\u00e1g\u00edt\u00e1st \u00e9s a bej\u00e1rati ajt\u00f3kat \u00e9s kapukat is.Hamarosan okos-otthona \u00fagy m\u0171k\u00f6dik, ahogyan \u00d6n szeretn\u00e9\u2026 \u00edgy mindig k\u00f6zel lehet otthon\u00e1hoz.<br>Neh\u00e9zs\u00e9gek n\u00e9lk\u00fcl meg\u00e1llap\u00edthatja, melyik berendez\u00e9s fogyasztja a legt\u00f6bb energi\u00e1t, \u00e9s megn\u00e9zheti a fogyaszt\u00e1st az egyes helyis\u00e9gekben vagy id\u0151szakokban.<br>A be\u00e1ll\u00edt\u00e1sokt\u00f3l f\u00fcgg\u0151en a rendszer \u00e9rtes\u00edti \u00d6nt a berendez\u00e9sek szokatlan m\u0171k\u00f6d\u00e9s\u00e9r\u0151l.<br>Fedezze fel milyen egyszer\u0171 \u00e9s izgalmas lehet a f\u0171t\u00e9sir\u00e1ny\u00edt\u00e1s. A &#8222;Heat&#8221; k\u00e9sz\u00fcl\u00e9ket korl\u00e1tlan sz\u00e1m\u00fa f\u0171t\u0151testre telep\u00edtheti, az egyes eszk\u00f6z\u00f6k \u00f6sszehangolt munk\u00e1ja pedig megteremti az optim\u00e1lis h\u0151m\u00e9rs\u00e9kletet. Egyetlen m\u00e1sik konkurens sem k\u00edn\u00e1lja a f\u0171t\u00e9sir\u00e1ny\u00edt\u00e1s ilyen fok\u00fa k\u00e9nyelm\u00e9t.<br>Ir\u00e1ny\u00edthat\u00f3s\u00e1g szempontj\u00e1b\u00f3l is sz\u00e9les mozg\u00e1steret biztos\u00edt a k\u00e9sz\u00fcl\u00e9k, hiszen lehet\u0151s\u00e9ge van k\u00e9zi, hangalap\u00fa \u00e9s mobilapplik\u00e1ci\u00f3n kereszt\u00fcli ir\u00e1ny\u00edt\u00e1sra is.<br><br>&#8222;Tervez\u00e9sekor minden, legkisebb r\u00e9szletre figyelt\u00fcnk. A kivitelez\u00e9s precizit\u00e1sa, a legmagasabb min\u0151s\u00e9g\u0171 alkatr\u00e9szek, valamint a modern design egy olyan eg\u00e9szt alkotnak, mely sz\u00e9ps\u00e9g\u00e9vel gy\u00f6ny\u00f6rk\u00f6dtet, \u00e9s a megb\u00edzhat\u00f3s\u00e1g\u00e1val megragad.<\/p>\n\n\n\n<p><img decoding=\"async\" src=\"https:\/\/www.fibaro.com\/hu\/wp-content\/uploads\/sites\/7\/2017\/02\/icon_wireless.svg\" alt=\"wifi dimmer switch\"> Vezet\u00e9k n\u00e9lk\u00fcli kommunik\u00e1ci\u00f3 <img decoding=\"async\" src=\"https:\/\/www.fibaro.com\/hu\/wp-content\/themes\/fibaro-wp-theme\/img\/icons\/icon_range.svg\" alt=\"dimmer switch advanced\"> Sz\u00e9les k\u00f6r\u0171 m\u0171k\u00f6d\u00e9s  <br><img decoding=\"async\" src=\"https:\/\/www.fibaro.com\/hu\/wp-content\/uploads\/sites\/7\/2017\/02\/icon_scenes.svg\" alt=\"smart dimmer\"> Komplex t\u00e9m\u00e1k\/forgat\u00f3k\u00f6nyvek be\u00e1ll\u00edt\u00e1sa a t\u00f6bbi otthoni berendez\u00e9s \u00f6sszehangol\u00e1s\u00e1val egy\u00fctt.<\/p>\n\n\n\n<p><img decoding=\"async\" src=\"https:\/\/www.fibaro.com\/hu\/wp-content\/themes\/fibaro-wp-theme\/img\/icons\/icon_bell.svg\" alt=\"dimmer switch notifications\"> Okos \u00e9rtes\u00edt\u00e9sek     <img decoding=\"async\" src=\"https:\/\/www.fibaro.com\/hu\/wp-content\/themes\/fibaro-wp-theme\/img\/icons\/icon_alldevices.svg\" alt=\"homekit dimmer switch\"> Android- \u00e9s iOS rendszerrel egyar\u00e1nt kompatibilis alkalmaz\u00e1s<\/p>\n\n\n\n<p class=\"has-text-align-center\">                    <img loading=\"lazy\" decoding=\"async\" width=\"100\" height=\"41\" class=\"wp-image-1746\" style=\"width: 100px;\" src=\"https:\/\/lonbau.hu\/wp-content\/uploads\/2024\/01\/Screenshot-2024-01-12-at-13-49-11-device-zw.jpg-JPEG-kep-354-\u00d7-383-keppont.png\" alt=\"\"><\/p>\n\n\n\n<p><img loading=\"lazy\" decoding=\"async\" width=\"50\" height=\"50\" class=\"wp-image-1740\" style=\"width: 50px;\" src=\"https:\/\/lonbau.hu\/wp-content\/uploads\/2024\/01\/3c63ad0565491b029c5cb9047e7caddd.png\" alt=\"\"><strong><mark style=\"background-color:rgba(0, 0, 0, 0)\" class=\"has-inline-color has-vivid-cyan-blue-color\">1 . Vil\u00e1g\u00edt\u00e1s : <\/mark><\/strong><br>Elfelejtette lekapcsolni a l\u00e1mp\u00e1t? Ez t\u00f6bb\u00e9 m\u00e1r nem probl\u00e9ma <br>Ismer\u0151s az \u00e9rz\u00e9s, mikor a nagy siets\u00e9gben nem r\u00e9mlik, hogy otthon lekapcsolta-e a l\u00e1mp\u00e1kat vagy kih\u00fazta-e a vasal\u00f3t? Mostant\u00f3l fell\u00e9legezhet, hiszen a t\u00e1volr\u00f3l is vez\u00e9relheti otthona vil\u00e1g\u00edt\u00e1s\u00e1t \u00e9s egy\u00e9b eszk\u00f6zeit mobilalkalmaz\u00e1son kereszt\u00fcl.<br><br><img loading=\"lazy\" decoding=\"async\" width=\"50\" height=\"50\" class=\"wp-image-1742\" style=\"width: 50px;\" src=\"https:\/\/lonbau.hu\/wp-content\/uploads\/2024\/01\/Screenshot-2024-01-12-at-13-08-07-FIBARO-okos-vezerlo-ZWE-eMAG.hu_-1.png\" alt=\"\" srcset=\"https:\/\/lonbau.hu\/wp-content\/uploads\/2024\/01\/Screenshot-2024-01-12-at-13-08-07-FIBARO-okos-vezerlo-ZWE-eMAG.hu_-1.png 339w, https:\/\/lonbau.hu\/wp-content\/uploads\/2024\/01\/Screenshot-2024-01-12-at-13-08-07-FIBARO-okos-vezerlo-ZWE-eMAG.hu_-1-300x300.png 300w, https:\/\/lonbau.hu\/wp-content\/uploads\/2024\/01\/Screenshot-2024-01-12-at-13-08-07-FIBARO-okos-vezerlo-ZWE-eMAG.hu_-1-150x150.png 150w\" sizes=\"auto, (max-width: 50px) 100vw, 50px\" \/><strong>Single\/Double Switch<\/strong><br>T\u00f6bb funkci\u00f3, rengeteg alkalmaz\u00e1si lehet\u0151s\u00e9g<br>A  rel\u00e9 modulok a h\u00e1zkezel\u00e9s kulcsfontoss\u00e1g\u00fa elemei. Sz\u00e1mos helyen \u00e9s alkalmaz\u00e1si ter\u00fcleten felhaszn\u00e1lhat\u00f3k. Seg\u00edts\u00e9g\u00fckkel ki- \u00e9s bekapcsolhatja az elektromos eszk\u00f6z\u00f6ket, a vil\u00e1g\u00edt\u00e1st \u00e9s az \u00e1ramot a konnektorokban. A \u201epower metering\u201d funkci\u00f3 pedig pontos inform\u00e1ci\u00f3kat ny\u00fajt az energiafelhaszn\u00e1l\u00e1sr\u00f3l.<br><img decoding=\"async\" style=\"width: 50px;\" src=\"https:\/\/www.fibaro.com\/hu\/wp-content\/uploads\/sites\/21\/2017\/09\/icon_power.svg\" alt=\"on\/off double switch\"> A berendez\u00e9sek be-, \u00e9s kikapcsol\u00e1sa<br><img decoding=\"async\" style=\"width: 50px;\" src=\"https:\/\/www.fibaro.com\/hu\/wp-content\/uploads\/sites\/21\/2017\/09\/icon_lightning.svg\" alt=\"power double switch\"> Energiafogyaszt\u00e1s m\u00e9r\u00e9se<br><img decoding=\"async\" style=\"width: 50px;\" src=\"https:\/\/www.fibaro.com\/hu\/wp-content\/uploads\/sites\/21\/2017\/09\/icon_singleswitch.svg\" alt=\"wall double switch\"> T\u00f6bbf\u00e9le fali kapcsol\u00f3hoz csatlakoztathat\u00f3<br><img decoding=\"async\" style=\"width: 50px;\" src=\"https:\/\/www.fibaro.com\/hu\/wp-content\/uploads\/sites\/21\/2017\/09\/icon_wallsocket.svg\" alt=\"socket management switch\"> Csatlakoz\u00f3 aljzatok\/konnektorok vez\u00e9rl\u00e9se<br><br><img loading=\"lazy\" decoding=\"async\" width=\"100\" height=\"71\" class=\"wp-image-1749\" style=\"width: 100px;\" src=\"https:\/\/lonbau.hu\/wp-content\/uploads\/2024\/01\/tablet_interior.png\" alt=\"\" srcset=\"https:\/\/lonbau.hu\/wp-content\/uploads\/2024\/01\/tablet_interior.png 700w, https:\/\/lonbau.hu\/wp-content\/uploads\/2024\/01\/tablet_interior-600x426.png 600w\" sizes=\"auto, (max-width: 100px) 100vw, 100px\" \/><strong>RGBW Controller<\/strong> <br>egy kis vez\u00e9rl\u0151 modul, mellyel m\u00f3dos\u00edthatja a vil\u00e1g\u00edt\u00e1s sz\u00edneit az otthon\u00e1ban. Ha megfelel\u0151 hangulatot szeretne a munk\u00e1hoz, koncentr\u00e1l\u00e1shoz vagy egy kis pihen\u00e9shez, haszn\u00e1lja a telefonos alkalmaz\u00e1st vagy mondja ki a hangutas\u00edt\u00e1st, \u00e9s a szob\u00e1ban l\u00e9v\u0151 vil\u00e1g\u00edt\u00e1s k\u00edv\u00e1ns\u00e1ga szerint v\u00e1ltozik meg. Nincs is ann\u00e1l jobb, mikor konyh\u00e1ja naps\u00fct\u00f6tte f\u00e9nyekben pomp\u00e1zik, mik\u00f6zben odakint tombol az \u0151szi sz\u00fcrkes\u00e9g.<br>A vil\u00e1g\u00edt\u00e1s sz\u00edneinek vez\u00e9rl\u00e9se<br>A f\u00e9nyintenzit\u00e1s vez\u00e9rl\u00e9se<br>Az energiafogyaszt\u00e1s m\u00e9r\u00e9se<br>4 \u00e9rz\u00e9kel\u0151s vil\u00e1g\u00edt\u00e1svez\u00e9rl\u00e9s<\/p>\n\n\n\n<p><img loading=\"lazy\" decoding=\"async\" width=\"50\" height=\"50\" class=\"wp-image-1742\" style=\"width: 50px;\" src=\"https:\/\/lonbau.hu\/wp-content\/uploads\/2024\/01\/Screenshot-2024-01-12-at-13-08-07-FIBARO-okos-vezerlo-ZWE-eMAG.hu_-1.png\" alt=\"\" srcset=\"https:\/\/lonbau.hu\/wp-content\/uploads\/2024\/01\/Screenshot-2024-01-12-at-13-08-07-FIBARO-okos-vezerlo-ZWE-eMAG.hu_-1.png 339w, https:\/\/lonbau.hu\/wp-content\/uploads\/2024\/01\/Screenshot-2024-01-12-at-13-08-07-FIBARO-okos-vezerlo-ZWE-eMAG.hu_-1-300x300.png 300w, https:\/\/lonbau.hu\/wp-content\/uploads\/2024\/01\/Screenshot-2024-01-12-at-13-08-07-FIBARO-okos-vezerlo-ZWE-eMAG.hu_-1-150x150.png 150w\" sizes=\"auto, (max-width: 50px) 100vw, 50px\" \/> A <strong>Dimmer<\/strong> egy univerz\u00e1lis f\u00e9nyer\u0151ss\u00e9g szab\u00e1lyoz\u00f3 modul, amely szer\u00e9ny m\u00e9retei ellen\u00e9re rengeteg hasznos funkci\u00f3t foglal mag\u00e1ban.<br><img decoding=\"async\" style=\"width: 50px;\" src=\"https:\/\/www.fibaro.com\/hu\/wp-content\/uploads\/sites\/7\/2017\/02\/icon_dim.svg\" alt=\"smart dimmer switch\"> F\u00e9nyer\u0151ss\u00e9g szab\u00e1lyoz\u00e1s<br><img decoding=\"async\" style=\"width: 50px;\" src=\"https:\/\/www.fibaro.com\/hu\/wp-content\/uploads\/sites\/7\/2017\/02\/icon_power.svg\" alt=\"wifi light switch\"> Energiaell\u00e1t\u00e1s bekapcsol\u00f3ja<br><img decoding=\"async\" style=\"width: 50px;\" src=\"https:\/\/www.fibaro.com\/hu\/wp-content\/uploads\/sites\/7\/2017\/02\/icon_lightning.svg\" alt=\"dimmer switch\"> Legyen naprak\u00e9sz az elfogyasztott energia mennyis\u00e9g\u00e9t illet\u0151en.<br><img decoding=\"async\" style=\"width: 50px;\" src=\"https:\/\/www.fibaro.com\/hu\/wp-content\/uploads\/sites\/7\/2017\/02\/icon_softstart.svg\" alt=\"led Dimmer switch\"> Fokozatos kivil\u00e1g\u00edt\u00e1s funkci\u00f3ja<\/p>\n\n\n\n<p><img loading=\"lazy\" decoding=\"async\" width=\"50\" height=\"50\" class=\"wp-image-1742\" style=\"width: 50px;\" src=\"https:\/\/lonbau.hu\/wp-content\/uploads\/2024\/01\/Screenshot-2024-01-12-at-13-08-07-FIBARO-okos-vezerlo-ZWE-eMAG.hu_-1.png\" alt=\"\" srcset=\"https:\/\/lonbau.hu\/wp-content\/uploads\/2024\/01\/Screenshot-2024-01-12-at-13-08-07-FIBARO-okos-vezerlo-ZWE-eMAG.hu_-1.png 339w, https:\/\/lonbau.hu\/wp-content\/uploads\/2024\/01\/Screenshot-2024-01-12-at-13-08-07-FIBARO-okos-vezerlo-ZWE-eMAG.hu_-1-300x300.png 300w, https:\/\/lonbau.hu\/wp-content\/uploads\/2024\/01\/Screenshot-2024-01-12-at-13-08-07-FIBARO-okos-vezerlo-ZWE-eMAG.hu_-1-150x150.png 150w\" sizes=\"auto, (max-width: 50px) 100vw, 50px\" \/><strong><mark style=\"background-color:rgba(0, 0, 0, 0)\" class=\"has-inline-color has-vivid-cyan-blue-color\">2. Red\u0151ny,Zsaluzia Vez\u00e9rl\u00e9se<\/mark><\/strong><br>Red\u0151ny\u00f6k, napellenz\u0151k, esetleg kapuk t\u00e1voli ir\u00e1ny\u00edt\u00e1s\u00e1t lehet\u0151v\u00e9 t\u00e9v\u0151 modul. A modul kalibr\u00e1ci\u00f3ja lehet\u0151s\u00e9get biztos\u00edt a zsaluk\/red\u0151ny\u00f6k felhaszn\u00e1l\u00f3 \u00e1ltal megfelel\u0151nek \u00edt\u00e9lt sz\u00f6g\u0171 be\u00e1ll\u00edt\u00e1s\u00e1ra, valamint rendelkezik fogyaszt\u00e1sm\u00e9r\u0151 funkci\u00f3val is, amely az \u00e1ram akt\u00edv teljes\u00edtm\u00e9ny\u00e9t is r\u00f6gz\u00edti.<br><img decoding=\"async\" style=\"width: 50px;\" src=\"https:\/\/www.fibaro.com\/hu\/wp-content\/uploads\/sites\/21\/2017\/02\/icon_shades.svg\" alt=\"Bels\u0151 red\u0151ny\u00f6k\"> Bels\u0151 red\u0151ny\u00f6k <img decoding=\"async\" style=\"width: 50px;\" src=\"https:\/\/www.fibaro.com\/hu\/wp-content\/uploads\/sites\/21\/2017\/02\/icon_blinds.svg\" alt=\"K\u00fcls\u0151 relux\u00e1k\"> K\u00fcls\u0151 relux\u00e1k<img decoding=\"async\" style=\"width: 50px;\" src=\"https:\/\/www.fibaro.com\/hu\/wp-content\/uploads\/sites\/21\/2017\/02\/icon_curtains.svg\" alt=\"F\u00fcggy\u00f6ny\u00f6k\"> F\u00fcgg\u00f6ny\u00f6k<img decoding=\"async\" style=\"width: 50px;\" src=\"https:\/\/www.fibaro.com\/hu\/wp-content\/uploads\/sites\/21\/2017\/02\/icon_window.svg\" alt=\"Billen\u0151ablakok\"> Billen\u0151ablakok<img decoding=\"async\" style=\"width: 50px;\" src=\"https:\/\/www.fibaro.com\/hu\/wp-content\/uploads\/sites\/21\/2017\/02\/icon_garage.svg\" alt=\"Gar\u00e1zskapuk\"> Gar\u00e1zskapuk<\/p>\n\n\n\n<p><img loading=\"lazy\" decoding=\"async\" width=\"50\" height=\"64\" class=\"wp-image-1756\" style=\"width: 50px;\" src=\"https:\/\/lonbau.hu\/wp-content\/uploads\/2024\/01\/Screenshot-2024-01-12-at-14-39-59-Heatit-Z-Temp2-Black-RAL-9011.png\" alt=\"\"><mark style=\"background-color:rgba(0, 0, 0, 0)\" class=\"has-inline-color has-vivid-cyan-blue-color\"><strong>3.<\/strong> <strong>G\u00e9p\u00e9szeti Vez\u00e9rl\u00e9s :  <\/strong><\/mark><br>H\u0171t\u00e9s\/F\u0171t\u00e9s vez\u00e9rl\u00e9s<br>H\u0151szivatty\u00fa vez\u00e9rl\u00e9s<br>Fan-coil vez\u00e9rl\u00e9s  <br>Padl\u00f3szelepek <br>Kaz\u00e1n vez\u00e9rl\u00e9s<br>Keringet\u0151 szivatty\u00fak vez\u00e9rl\u00e9s<br>Termoszt\u00e1tok vez\u00e9rl\u00e9se<br>\u00d6nt\u00f6z\u0151 rendszer vez\u00e9rl\u00e9s <br><img decoding=\"async\" style=\"width: 50px;\" src=\"https:\/\/www.fibaro.com\/hu\/wp-content\/uploads\/sites\/21\/2017\/09\/icon_heating.svg\" alt=\"thermostat controlled by phone\"> Innovat\u00edv f\u0171t\u00e9sz\u00f3na kezel\u00e9s <img decoding=\"async\" style=\"width: 50px;\" src=\"https:\/\/www.fibaro.com\/hu\/wp-content\/uploads\/sites\/21\/2017\/02\/icon_temperature.svg\" alt=\"smart thermostats\"> Pontos h\u0151m\u00e9rs\u00e9klet m\u00e9r\u00e9s <br><img decoding=\"async\" style=\"width: 50px;\" src=\"https:\/\/www.fibaro.com\/hu\/wp-content\/uploads\/sites\/21\/2017\/09\/icon_calendar-1.svg\" alt=\"smart heating system\"> K\u00f6nnyed v\u00e1ltoztat\u00e1si lehet\u0151s\u00e9gek az el\u0151re meghat\u00e1rozott \u00fctemtervekben <br><img decoding=\"async\" style=\"width: 50px;\" src=\"https:\/\/www.fibaro.com\/hu\/wp-content\/uploads\/sites\/21\/2017\/09\/icon_chart.svg\" alt=\"fibaro heat controller\"> \u00daj, \u00f6nprogramoz\u00e1sra k\u00e9pes adapt\u00edv (alkalmazkod\u00f3) algoritmusok haszn\u00e1lata <br><img decoding=\"async\" style=\"width: 50px;\" src=\"https:\/\/www.fibaro.com\/hu\/wp-content\/uploads\/sites\/21\/2017\/09\/icon_reduce_costs.svg\" alt=\"wifi thermostats\"> A f\u0171t\u00e9si k\u00f6lts\u00e9gek jelent\u0151s cs\u00f6kkent\u00e9se.<br><img decoding=\"async\" style=\"width: 50px;\" src=\"https:\/\/www.fibaro.com\/hu\/wp-content\/uploads\/sites\/21\/2017\/09\/icon_rechargable_battery.svg\" alt=\"smart wifi thermostat\"> K\u00e9nyelmes, k\u00f6lts\u00e9ghat\u00e9kony, f\u0171t\u00e9si szezononk\u00e9nt egyszer t\u00f6ltend\u0151 akkumul\u00e1tor.<\/p>\n\n\n\n<p><br><mark style=\"background-color:rgba(0, 0, 0, 0)\" class=\"has-inline-color has-vivid-cyan-blue-color\"><strong>4. Kieg\u00e9sz\u00edt\u0151 eszk\u00f6z\u00f6k : <\/strong><\/mark><br><img loading=\"lazy\" decoding=\"async\" width=\"50\" height=\"50\" class=\"wp-image-1757\" style=\"width: 50px;\" src=\"https:\/\/lonbau.hu\/wp-content\/uploads\/2024\/01\/Nevtelen.png\" alt=\"\">Kamera rendszer integr\u00e1l\u00e1s<br><br><img loading=\"lazy\" decoding=\"async\" width=\"50\" height=\"50\" class=\"wp-image-1758\" style=\"width: 50px;\" src=\"https:\/\/lonbau.hu\/wp-content\/uploads\/2024\/01\/Nevtelen-1.png\" alt=\"\">Id\u0151j\u00e1r\u00e1s alap\u00fa vez\u00e9rl\u00e9sek (Sz\u00e9l,Fagy,H\u0151s\u00e9g)<br><br><img loading=\"lazy\" decoding=\"async\" width=\"50\" height=\"50\" class=\"wp-image-1759\" style=\"width: 50px;\" src=\"https:\/\/lonbau.hu\/wp-content\/uploads\/2024\/01\/Nevtelen-2.png\" alt=\"\">&amp; <img loading=\"lazy\" decoding=\"async\" width=\"150\" height=\"20\" class=\"wp-image-1760\" style=\"width: 150px;\" src=\"https:\/\/lonbau.hu\/wp-content\/uploads\/2024\/01\/Screenshot-2024-01-12-at-14-54-24-Paradox-Vector-Logo-Download-Free-SVG-Icon-Worldvectorlogo.png\" alt=\"\"> Riaszt\u00f3 rendszer integr\u00e1l\u00e1s<br><br><img loading=\"lazy\" decoding=\"async\" width=\"50\" height=\"19\" class=\"wp-image-1761\" style=\"width: 50px;\" src=\"https:\/\/lonbau.hu\/wp-content\/uploads\/2024\/01\/Nevtelen.jpg\" alt=\"\" srcset=\"https:\/\/lonbau.hu\/wp-content\/uploads\/2024\/01\/Nevtelen.jpg 968w, https:\/\/lonbau.hu\/wp-content\/uploads\/2024\/01\/Nevtelen-600x227.jpg 600w, https:\/\/lonbau.hu\/wp-content\/uploads\/2024\/01\/Nevtelen-768x291.jpg 768w\" sizes=\"auto, (max-width: 50px) 100vw, 50px\" \/> Bel\u00e9ptet\u0151 rendszer integr\u00e1l\u00e1s<br><br><img loading=\"lazy\" decoding=\"async\" width=\"50\" height=\"28\" class=\"wp-image-1763\" style=\"width: 50px;\" src=\"https:\/\/lonbau.hu\/wp-content\/uploads\/2024\/01\/keba.png\" alt=\"\"><img loading=\"lazy\" decoding=\"async\" width=\"50\" height=\"55\" class=\"wp-image-1764\" style=\"width: 50px;\" src=\"https:\/\/lonbau.hu\/wp-content\/uploads\/2024\/01\/Nevtelen-1.jpg\" alt=\"\"><img loading=\"lazy\" decoding=\"async\" width=\"50\" height=\"19\" class=\"wp-image-1762\" style=\"width: 50px;\" src=\"https:\/\/lonbau.hu\/wp-content\/uploads\/2024\/01\/schneider.png\" alt=\"\" srcset=\"https:\/\/lonbau.hu\/wp-content\/uploads\/2024\/01\/schneider.png 160w, https:\/\/lonbau.hu\/wp-content\/uploads\/2024\/01\/schneider-150x60.png 150w\" sizes=\"auto, (max-width: 50px) 100vw, 50px\" \/> <img loading=\"lazy\" decoding=\"async\" width=\"100\" height=\"33\" class=\"wp-image-1765\" style=\"width: 100px;\" src=\"https:\/\/lonbau.hu\/wp-content\/uploads\/2024\/01\/voltie.png\" alt=\"\">  Elektromos Aut\u00f3t\u00f6lt\u0151 rendszer integr\u00e1l\u00e1s<br><br><strong>Napelem rendszer integr\u00e1l\u00e1s <\/strong><br><img loading=\"lazy\" decoding=\"async\" width=\"300\" height=\"191\" class=\"wp-image-1766\" style=\"width: 300px;\" src=\"https:\/\/lonbau.hu\/wp-content\/uploads\/2024\/01\/Screenshot-2024-01-12-at-15-02-59-Fronius-Smart-Home-Building-Automation-Software-ComfortClick-bOS.png\" alt=\"\" srcset=\"https:\/\/lonbau.hu\/wp-content\/uploads\/2024\/01\/Screenshot-2024-01-12-at-15-02-59-Fronius-Smart-Home-Building-Automation-Software-ComfortClick-bOS.png 444w, https:\/\/lonbau.hu\/wp-content\/uploads\/2024\/01\/Screenshot-2024-01-12-at-15-02-59-Fronius-Smart-Home-Building-Automation-Software-ComfortClick-bOS-150x95.png 150w\" sizes=\"auto, (max-width: 300px) 100vw, 300px\" \/><img loading=\"lazy\" decoding=\"async\" width=\"300\" height=\"206\" class=\"wp-image-1767\" style=\"width: 300px;\" src=\"https:\/\/lonbau.hu\/wp-content\/uploads\/2024\/01\/inverter_power.png\" alt=\"\" srcset=\"https:\/\/lonbau.hu\/wp-content\/uploads\/2024\/01\/inverter_power.png 821w, https:\/\/lonbau.hu\/wp-content\/uploads\/2024\/01\/inverter_power-600x411.png 600w, https:\/\/lonbau.hu\/wp-content\/uploads\/2024\/01\/inverter_power-768x527.png 768w\" sizes=\"auto, (max-width: 300px) 100vw, 300px\" \/><br>Fronius,Solar Edge,Flin Energy<br><br><strong>Medence rendszer integr\u00e1l\u00e1s<\/strong><br><img loading=\"lazy\" decoding=\"async\" width=\"450\" height=\"264\" class=\"wp-image-1768\" style=\"width: 450px;\" src=\"https:\/\/lonbau.hu\/wp-content\/uploads\/2024\/01\/Pool.png\" alt=\"\" srcset=\"https:\/\/lonbau.hu\/wp-content\/uploads\/2024\/01\/Pool.png 1024w, https:\/\/lonbau.hu\/wp-content\/uploads\/2024\/01\/Pool-600x352.png 600w, https:\/\/lonbau.hu\/wp-content\/uploads\/2024\/01\/Pool-768x450.png 768w\" sizes=\"auto, (max-width: 450px) 100vw, 450px\" \/><\/p>\n\n\n\n<p><br><\/p>\n\n\n<div class=\"wp-block-image\">\n<figure class=\"aligncenter size-full is-resized\"><img loading=\"lazy\" decoding=\"async\" width=\"750\" height=\"499\" src=\"https:\/\/lonbau.hu\/wp-content\/uploads\/2024\/01\/okos_otthon_kiepites_02ee01f30.jpg\" alt=\"\" class=\"wp-image-1721\" style=\"width:468px;height:auto\" srcset=\"https:\/\/lonbau.hu\/wp-content\/uploads\/2024\/01\/okos_otthon_kiepites_02ee01f30.jpg 750w, https:\/\/lonbau.hu\/wp-content\/uploads\/2024\/01\/okos_otthon_kiepites_02ee01f30-600x400.jpg 600w, https:\/\/lonbau.hu\/wp-content\/uploads\/2024\/01\/okos_otthon_kiepites_02ee01f30-300x200.jpg 300w\" sizes=\"auto, (max-width: 750px) 100vw, 750px\" \/><\/figure><\/div>","protected":false},"excerpt":{"rendered":"<p>Okos megold\u00e1sok &#8211; \u00c9p\u00fclet Automatiz\u00e1l\u00e1s: ComfortClick Egy j\u00f3l el\u0151k\u00e9sz\u00edtett \u00e9s gondosan megtervezett okos h\u00e1z rendszer ak\u00e1r 10%-kal is n\u00f6velheti az ingatlan \u00e9rt\u00e9k\u00e9t. Nem besz\u00e9lve a k\u00e9nyelemr\u0151l \u00e9s biztons\u00e1gr\u00f3l, amit a benne \u00e9l\u0151knek jelent. B\u00edzd a kivitelez\u00e9st szak\u00e9rt\u0151kre! Tudjuk, melyik funkci\u00f3ra, melyik eszk\u00f6z a legjobb. Tudjuk, melyik m\u00e1rka a legmegb\u00edzhat\u00f3bb. Olyan megold\u00e1sokat aj\u00e1nlunk, ami tal\u00e1n eszedbe&#8230;<\/p>\n","protected":false},"author":1,"featured_media":0,"parent":0,"menu_order":0,"comment_status":"closed","ping_status":"closed","template":"","meta":{"footnotes":""},"class_list":["post-403","page","type-page","status-publish","hentry"],"_links":{"self":[{"href":"https:\/\/lonbau.hu\/index.php?rest_route=\/wp\/v2\/pages\/403","targetHints":{"allow":["GET"]}}],"collection":[{"href":"https:\/\/lonbau.hu\/index.php?rest_route=\/wp\/v2\/pages"}],"about":[{"href":"https:\/\/lonbau.hu\/index.php?rest_route=\/wp\/v2\/types\/page"}],"author":[{"embeddable":true,"href":"https:\/\/lonbau.hu\/index.php?rest_route=\/wp\/v2\/users\/1"}],"replies":[{"embeddable":true,"href":"https:\/\/lonbau.hu\/index.php?rest_route=%2Fwp%2Fv2%2Fcomments&post=403"}],"version-history":[{"count":50,"href":"https:\/\/lonbau.hu\/index.php?rest_route=\/wp\/v2\/pages\/403\/revisions"}],"predecessor-version":[{"id":1907,"href":"https:\/\/lonbau.hu\/index.php?rest_route=\/wp\/v2\/pages\/403\/revisions\/1907"}],"wp:attachment":[{"href":"https:\/\/lonbau.hu\/index.php?rest_route=%2Fwp%2Fv2%2Fmedia&parent=403"}],"curies":[{"name":"wp","href":"https:\/\/api.w.org\/{rel}","templated":true}]}}